{"id":56710,"date":"2019-03-13T12:39:09","date_gmt":"2019-03-13T11:39:09","guid":{"rendered":"https:\/\/pro-heraldica.de\/produkt\/waldmann-tango-ballpoint-pen\/"},"modified":"2025-07-17T15:07:00","modified_gmt":"2025-07-17T13:07:00","slug":"waldmann-tango-ballpoint-pen","status":"publish","type":"product","link":"https:\/\/pro-heraldica.de\/en\/produkt\/waldmann-tango-ballpoint-pen\/","title":{"rendered":"Waldmann Tango ballpoint pen"},"content":{"rendered":"<p>Spirited and sensual, the Tango is by far one of the most expressive dances in the world. The model series is just as graceful as a tightly entwined couple and, in addition to the seductive design, also provides a pleasurable feel.<\/p>\n","protected":false},"excerpt":{"rendered":"<p>Waldmann Tango ballpoint pen finished with your family crest engraved on the head screw and your name engraved on the clip<\/p>\n","protected":false},"featured_media":50027,"template":"","meta":[],"product_brand":[],"product_cat":[196,197],"product_tag":[],"class_list":{"0":"post-56710","1":"product","2":"type-product","3":"status-publish","4":"has-post-thumbnail","6":"product_cat-stationery-and-office","7":"product_cat-waldmann-writing-implements","9":"first","10":"instock","11":"taxable","12":"shipping-taxable","13":"purchasable","14":"product-type-variable"},"exclude_global_add_ons":false,"addons":[{"name":"Engraving of the name on the clip","type":"custom_text","position":0,"required":true,"title_format":"label","default":"","description_enable":false,"description":"","placeholder_enable":false,"placeholder":"","display":"select","restrictions_type":"any_text","adjust_price":false,"price":"","price_type":"flat_fee","restrictions":false,"min":"0","max":"0","options":[],"id":1707919652},{"name":"Font","type":"multiple_choice","position":1,"required":true,"title_format":"label","default":"","description_enable":false,"description":"","placeholder_enable":false,"placeholder":"","display":"select","restrictions_type":"any_text","adjust_price":false,"price":"","price_type":"flat_fee","restrictions":false,"min":"0","max":"0","options":[{"label":"English cursive","price":"","price_type":"flat_fee","image":40808,"visibility":true},{"label":"Helvetica Light","price":"","price_type":"flat_fee","image":40809,"visibility":true}],"id":1707919653},{"name":"Coat of arms relief","type":"multiple_choice","position":2,"required":false,"title_format":"label","default":"","description_enable":true,"description":"We can also add a coat of arms relief to your writing instrument. If you want this, please select whether you already have a relief model.","placeholder_enable":false,"placeholder":"","display":"select","restrictions_type":"any_text","adjust_price":false,"price":"","price_type":"flat_fee","restrictions":false,"min":"0","max":"0","options":[{"label":"plus coat of arms relief, relief model available","price":"90","price_type":"flat_fee","image":0,"visibility":true},{"label":"plus coat of arms relief, a relief model is required","price":"780","price_type":"flat_fee","image":0,"visibility":true}],"id":1707919654},{"name":"Your selection","type":"heading","position":0,"required":false,"title_format":"heading","default":"","description_enable":false,"description":"","placeholder_enable":false,"placeholder":"","display":"select","restrictions_type":"any_text","adjust_price":false,"price":"","price_type":"flat_fee","restrictions":false,"min":"0","max":"0","options":[]},{"name":"Farbe","type":"multiple_choice","position":0,"required":true,"title_format":"heading","default":"","description_enable":false,"description":"","placeholder_enable":false,"placeholder":"","display":"images","restrictions_type":"any_text","adjust_price":false,"price":"","price_type":"flat_fee","restrictions":false,"min":"0","max":"0","options":[{"label":"snow","price":"","price_type":"flat_fee","image":41307,"visibility":true},{"label":"black","price":"","price_type":"flat_fee","image":45562,"visibility":true},{"label":"ruby","price":"","price_type":"flat_fee","image":40591,"visibility":true},{"label":"gold","price":"","price_type":"flat_fee","image":41304,"visibility":true},{"label":"turquoise","price":"","price_type":"flat_fee","image":41303,"visibility":true},{"label":"berry","price":"","price_type":"flat_fee","image":40604,"visibility":true},{"label":"cornflower","price":"","price_type":"flat_fee","image":41301,"visibility":true},{"label":"lagoon","price":"","price_type":"flat_fee","image":41300,"visibility":true},{"label":"aquamarin","price":"","price_type":"flat_fee","image":41299,"visibility":true},{"label":"deepsea","price":"","price_type":"flat_fee","image":41298,"visibility":true},{"label":"peridot","price":"","price_type":"flat_fee","image":41297,"visibility":true},{"label":"silver","price":"","price_type":"flat_fee","image":41296,"visibility":true},{"label":"stone","price":"","price_type":"flat_fee","image":41295,"visibility":true},{"label":"darkgrey","price":"","price_type":"flat_fee","image":41294,"visibility":true},{"label":"cashmere","price":"","price_type":"flat_fee","image":41293,"visibility":true},{"label":"red clay","price":"","price_type":"flat_fee","image":45561,"visibility":true},{"label":"java brown","price":"","price_type":"flat_fee","image":45560,"visibility":true}]},{"name":"Stickkarte","type":"multiple_choice","position":0,"required":true,"title_format":"heading","default":"","description_enable":true,"description":"Ben\u00f6tigen Sie eine Stickkarte?","placeholder_enable":false,"placeholder":"","display":"select","restrictions_type":"any_text","adjust_price":false,"price":"","price_type":"flat_fee","restrictions":false,"min":"0","max":"0","options":[{"label":"Stickkarte vorhanden","price":"","price_type":"flat_fee","image":0,"visibility":true},{"label":"Stickkarte wird ben\u00f6tigt","price":"320.00","price_type":"flat_fee","image":0,"visibility":true}],"id":1707394789},{"name":"Gravur des Namens auf dem Klipp","type":"custom_text","position":0,"required":true,"title_format":"heading","default":"","description_enable":false,"description":"","placeholder_enable":false,"placeholder":"","display":"select","restrictions_type":"any_text","adjust_price":false,"price":"","price_type":"flat_fee","restrictions":false,"min":"0","max":"0","options":[]},{"name":"Schriftart","type":"multiple_choice","position":1,"required":true,"title_format":"heading","default":"","description_enable":false,"description":"","placeholder_enable":false,"placeholder":"","display":"select","restrictions_type":"any_text","adjust_price":false,"price":"","price_type":"flat_fee","restrictions":false,"min":"0","max":"0","options":[{"label":"Englische Schreibschrift","price":"","price_type":"flat_fee","image":40808,"visibility":true},{"label":"Helvetica Light","price":"","price_type":"flat_fee","image":40809,"visibility":true}]},{"name":"Wappenrelief","type":"multiple_choice","position":2,"required":false,"title_format":"heading","default":"","description_enable":true,"description":"Wir k\u00f6nnen Ihr Schreibger\u00e4t zus\u00e4tzlich mit einem Wappenrelief versehen. Wenn Sie dies m\u00f6chten, w\u00e4hlen Sie bitte aus, ob Sie bereits ein Reliefmodell besitzen. ","placeholder_enable":false,"placeholder":"","display":"select","restrictions_type":"any_text","adjust_price":false,"price":"","price_type":"flat_fee","restrictions":false,"min":"0","max":"0","options":[{"label":"zzgl. Wappenrelief, Reliefmodell vorhanden","price":"90","price_type":"flat_fee","image":0,"visibility":true},{"label":"zzgl. Wappenrelief, Reliefmodell wird ben\u00f6tigt","price":"780","price_type":"flat_fee","image":0,"visibility":true}]}],"yoast_head":"<!-- This site is optimized with the Yoast SEO plugin v27.4 - https:\/\/yoast.com\/product\/yoast-seo-wordpress\/ -->\n<title>Waldmann Tango ballpoint pen - Pro Heraldica<\/title>\n<meta name=\"robots\" content=\"noindex, follow\" \/>\n<meta property=\"og:locale\" content=\"en_US\" \/>\n<meta property=\"og:type\" content=\"article\" \/>\n<meta property=\"og:title\" content=\"Waldmann Tango ballpoint pen - Pro Heraldica\" \/>\n<meta property=\"og:description\" content=\"Waldmann Tango ballpoint pen finished with your family crest engraved on the head screw and your name engraved on the clip\" \/>\n<meta property=\"og:url\" content=\"https:\/\/pro-heraldica.de\/en\/produkt\/waldmann-tango-ballpoint-pen\/\" \/>\n<meta property=\"og:site_name\" content=\"Pro Heraldica\" \/>\n<meta property=\"article:publisher\" content=\"https:\/\/www.facebook.com\/ProHeraldica\/\" \/>\n<meta property=\"article:modified_time\" content=\"2025-07-17T13:07:00+00:00\" \/>\n<meta property=\"og:image\" content=\"https:\/\/pro-heraldica.de\/wp-content\/uploads\/2019\/03\/waldmann-tango-kugelschreiber-modelle.jpg\" \/>\n\t<meta property=\"og:image:width\" content=\"1000\" \/>\n\t<meta property=\"og:image:height\" content=\"1000\" \/>\n\t<meta property=\"og:image:type\" content=\"image\/jpeg\" \/>\n<meta name=\"twitter:card\" content=\"summary_large_image\" \/>\n<meta name=\"twitter:site\" content=\"@proheraldica\" \/>\n<script type=\"application\/ld+json\" class=\"yoast-schema-graph\">{\"@context\":\"https:\\\/\\\/schema.org\",\"@graph\":[{\"@type\":\"WebPage\",\"@id\":\"https:\\\/\\\/pro-heraldica.de\\\/en\\\/produkt\\\/waldmann-tango-ballpoint-pen\\\/\",\"url\":\"https:\\\/\\\/pro-heraldica.de\\\/en\\\/produkt\\\/waldmann-tango-ballpoint-pen\\\/\",\"name\":\"Waldmann Tango ballpoint pen - Pro Heraldica\",\"isPartOf\":{\"@id\":\"https:\\\/\\\/pro-heraldica.de\\\/en\\\/#website\"},\"primaryImageOfPage\":{\"@id\":\"https:\\\/\\\/pro-heraldica.de\\\/en\\\/produkt\\\/waldmann-tango-ballpoint-pen\\\/#primaryimage\"},\"image\":{\"@id\":\"https:\\\/\\\/pro-heraldica.de\\\/en\\\/produkt\\\/waldmann-tango-ballpoint-pen\\\/#primaryimage\"},\"thumbnailUrl\":\"https:\\\/\\\/pro-heraldica.de\\\/wp-content\\\/uploads\\\/2019\\\/03\\\/waldmann-tango-kugelschreiber-modelle.jpg\",\"datePublished\":\"2019-03-13T11:39:09+00:00\",\"dateModified\":\"2025-07-17T13:07:00+00:00\",\"breadcrumb\":{\"@id\":\"https:\\\/\\\/pro-heraldica.de\\\/en\\\/produkt\\\/waldmann-tango-ballpoint-pen\\\/#breadcrumb\"},\"inLanguage\":\"de\",\"potentialAction\":[{\"@type\":\"ReadAction\",\"target\":[\"https:\\\/\\\/pro-heraldica.de\\\/en\\\/produkt\\\/waldmann-tango-ballpoint-pen\\\/\"]}]},{\"@type\":\"ImageObject\",\"inLanguage\":\"de\",\"@id\":\"https:\\\/\\\/pro-heraldica.de\\\/en\\\/produkt\\\/waldmann-tango-ballpoint-pen\\\/#primaryimage\",\"url\":\"https:\\\/\\\/pro-heraldica.de\\\/wp-content\\\/uploads\\\/2019\\\/03\\\/waldmann-tango-kugelschreiber-modelle.jpg\",\"contentUrl\":\"https:\\\/\\\/pro-heraldica.de\\\/wp-content\\\/uploads\\\/2019\\\/03\\\/waldmann-tango-kugelschreiber-modelle.jpg\",\"width\":1000,\"height\":1000,\"caption\":\"waldmann-tango-ballpoint-pen-models\"},{\"@type\":\"BreadcrumbList\",\"@id\":\"https:\\\/\\\/pro-heraldica.de\\\/en\\\/produkt\\\/waldmann-tango-ballpoint-pen\\\/#breadcrumb\",\"itemListElement\":[{\"@type\":\"ListItem\",\"position\":1,\"name\":\"Start\",\"item\":\"https:\\\/\\\/pro-heraldica.de\\\/en\\\/\"},{\"@type\":\"ListItem\",\"position\":2,\"name\":\"Shop\",\"item\":\"https:\\\/\\\/pro-heraldica.de\\\/en\\\/products\\\/\"},{\"@type\":\"ListItem\",\"position\":3,\"name\":\"Waldmann Tango ballpoint pen\"}]},{\"@type\":\"WebSite\",\"@id\":\"https:\\\/\\\/pro-heraldica.de\\\/en\\\/#website\",\"url\":\"https:\\\/\\\/pro-heraldica.de\\\/en\\\/\",\"name\":\"Pro Heraldica\",\"description\":\"Professionelle Genealogie und Heraldik\",\"publisher\":{\"@id\":\"https:\\\/\\\/pro-heraldica.de\\\/en\\\/#organization\"},\"potentialAction\":[{\"@type\":\"SearchAction\",\"target\":{\"@type\":\"EntryPoint\",\"urlTemplate\":\"https:\\\/\\\/pro-heraldica.de\\\/en\\\/?s={search_term_string}\"},\"query-input\":{\"@type\":\"PropertyValueSpecification\",\"valueRequired\":true,\"valueName\":\"search_term_string\"}}],\"inLanguage\":\"de\"},{\"@type\":\"Organization\",\"@id\":\"https:\\\/\\\/pro-heraldica.de\\\/en\\\/#organization\",\"name\":\"Pro Heraldica Deutsche Forschungsgesellschaft f\u00fcr Heraldik und Genealogie mbH\",\"url\":\"https:\\\/\\\/pro-heraldica.de\\\/en\\\/\",\"logo\":{\"@type\":\"ImageObject\",\"inLanguage\":\"de\",\"@id\":\"https:\\\/\\\/pro-heraldica.de\\\/en\\\/#\\\/schema\\\/logo\\\/image\\\/\",\"url\":\"https:\\\/\\\/pro-heraldica.de\\\/wp-content\\\/uploads\\\/2014\\\/04\\\/pro-heraldica-logo-3d.png\",\"contentUrl\":\"https:\\\/\\\/pro-heraldica.de\\\/wp-content\\\/uploads\\\/2014\\\/04\\\/pro-heraldica-logo-3d.png\",\"width\":667,\"height\":200,\"caption\":\"Pro Heraldica Deutsche Forschungsgesellschaft f\u00fcr Heraldik und Genealogie mbH\"},\"image\":{\"@id\":\"https:\\\/\\\/pro-heraldica.de\\\/en\\\/#\\\/schema\\\/logo\\\/image\\\/\"},\"sameAs\":[\"https:\\\/\\\/www.facebook.com\\\/ProHeraldica\\\/\",\"https:\\\/\\\/x.com\\\/proheraldica\",\"https:\\\/\\\/www.instagram.com\\\/proheraldica\\\/\",\"https:\\\/\\\/de.pinterest.com\\\/proheraldica\\\/\",\"https:\\\/\\\/www.youtube.com\\\/channel\\\/UCXu7ouVjnHSC1CmLGTRvmuw\"]}]}<\/script>\n<!-- \/ Yoast SEO plugin. -->","yoast_head_json":{"title":"Waldmann Tango ballpoint pen - Pro Heraldica","robots":{"index":"noindex","follow":"follow"},"og_locale":"en_US","og_type":"article","og_title":"Waldmann Tango ballpoint pen - Pro Heraldica","og_description":"Waldmann Tango ballpoint pen finished with your family crest engraved on the head screw and your name engraved on the clip","og_url":"https:\/\/pro-heraldica.de\/en\/produkt\/waldmann-tango-ballpoint-pen\/","og_site_name":"Pro Heraldica","article_publisher":"https:\/\/www.facebook.com\/ProHeraldica\/","article_modified_time":"2025-07-17T13:07:00+00:00","og_image":[{"width":1000,"height":1000,"url":"https:\/\/pro-heraldica.de\/wp-content\/uploads\/2019\/03\/waldmann-tango-kugelschreiber-modelle.jpg","type":"image\/jpeg"}],"twitter_card":"summary_large_image","twitter_site":"@proheraldica","schema":{"@context":"https:\/\/schema.org","@graph":[{"@type":"WebPage","@id":"https:\/\/pro-heraldica.de\/en\/produkt\/waldmann-tango-ballpoint-pen\/","url":"https:\/\/pro-heraldica.de\/en\/produkt\/waldmann-tango-ballpoint-pen\/","name":"Waldmann Tango ballpoint pen - Pro Heraldica","isPartOf":{"@id":"https:\/\/pro-heraldica.de\/en\/#website"},"primaryImageOfPage":{"@id":"https:\/\/pro-heraldica.de\/en\/produkt\/waldmann-tango-ballpoint-pen\/#primaryimage"},"image":{"@id":"https:\/\/pro-heraldica.de\/en\/produkt\/waldmann-tango-ballpoint-pen\/#primaryimage"},"thumbnailUrl":"https:\/\/pro-heraldica.de\/wp-content\/uploads\/2019\/03\/waldmann-tango-kugelschreiber-modelle.jpg","datePublished":"2019-03-13T11:39:09+00:00","dateModified":"2025-07-17T13:07:00+00:00","breadcrumb":{"@id":"https:\/\/pro-heraldica.de\/en\/produkt\/waldmann-tango-ballpoint-pen\/#breadcrumb"},"inLanguage":"de","potentialAction":[{"@type":"ReadAction","target":["https:\/\/pro-heraldica.de\/en\/produkt\/waldmann-tango-ballpoint-pen\/"]}]},{"@type":"ImageObject","inLanguage":"de","@id":"https:\/\/pro-heraldica.de\/en\/produkt\/waldmann-tango-ballpoint-pen\/#primaryimage","url":"https:\/\/pro-heraldica.de\/wp-content\/uploads\/2019\/03\/waldmann-tango-kugelschreiber-modelle.jpg","contentUrl":"https:\/\/pro-heraldica.de\/wp-content\/uploads\/2019\/03\/waldmann-tango-kugelschreiber-modelle.jpg","width":1000,"height":1000,"caption":"waldmann-tango-ballpoint-pen-models"},{"@type":"BreadcrumbList","@id":"https:\/\/pro-heraldica.de\/en\/produkt\/waldmann-tango-ballpoint-pen\/#breadcrumb","itemListElement":[{"@type":"ListItem","position":1,"name":"Start","item":"https:\/\/pro-heraldica.de\/en\/"},{"@type":"ListItem","position":2,"name":"Shop","item":"https:\/\/pro-heraldica.de\/en\/products\/"},{"@type":"ListItem","position":3,"name":"Waldmann Tango ballpoint pen"}]},{"@type":"WebSite","@id":"https:\/\/pro-heraldica.de\/en\/#website","url":"https:\/\/pro-heraldica.de\/en\/","name":"Pro Heraldica","description":"Professionelle Genealogie und Heraldik","publisher":{"@id":"https:\/\/pro-heraldica.de\/en\/#organization"},"potentialAction":[{"@type":"SearchAction","target":{"@type":"EntryPoint","urlTemplate":"https:\/\/pro-heraldica.de\/en\/?s={search_term_string}"},"query-input":{"@type":"PropertyValueSpecification","valueRequired":true,"valueName":"search_term_string"}}],"inLanguage":"de"},{"@type":"Organization","@id":"https:\/\/pro-heraldica.de\/en\/#organization","name":"Pro Heraldica Deutsche Forschungsgesellschaft f\u00fcr Heraldik und Genealogie mbH","url":"https:\/\/pro-heraldica.de\/en\/","logo":{"@type":"ImageObject","inLanguage":"de","@id":"https:\/\/pro-heraldica.de\/en\/#\/schema\/logo\/image\/","url":"https:\/\/pro-heraldica.de\/wp-content\/uploads\/2014\/04\/pro-heraldica-logo-3d.png","contentUrl":"https:\/\/pro-heraldica.de\/wp-content\/uploads\/2014\/04\/pro-heraldica-logo-3d.png","width":667,"height":200,"caption":"Pro Heraldica Deutsche Forschungsgesellschaft f\u00fcr Heraldik und Genealogie mbH"},"image":{"@id":"https:\/\/pro-heraldica.de\/en\/#\/schema\/logo\/image\/"},"sameAs":["https:\/\/www.facebook.com\/ProHeraldica\/","https:\/\/x.com\/proheraldica","https:\/\/www.instagram.com\/proheraldica\/","https:\/\/de.pinterest.com\/proheraldica\/","https:\/\/www.youtube.com\/channel\/UCXu7ouVjnHSC1CmLGTRvmuw"]}]}},"_links":{"self":[{"href":"https:\/\/pro-heraldica.de\/en\/wp-json\/wp\/v2\/product\/56710","targetHints":{"allow":["GET"]}}],"collection":[{"href":"https:\/\/pro-heraldica.de\/en\/wp-json\/wp\/v2\/product"}],"about":[{"href":"https:\/\/pro-heraldica.de\/en\/wp-json\/wp\/v2\/types\/product"}],"wp:featuredmedia":[{"embeddable":true,"href":"https:\/\/pro-heraldica.de\/en\/wp-json\/wp\/v2\/media\/50027"}],"wp:attachment":[{"href":"https:\/\/pro-heraldica.de\/en\/wp-json\/wp\/v2\/media?parent=56710"}],"wp:term":[{"taxonomy":"product_brand","embeddable":true,"href":"https:\/\/pro-heraldica.de\/en\/wp-json\/wp\/v2\/product_brand?post=56710"},{"taxonomy":"product_cat","embeddable":true,"href":"https:\/\/pro-heraldica.de\/en\/wp-json\/wp\/v2\/product_cat?post=56710"},{"taxonomy":"product_tag","embeddable":true,"href":"https:\/\/pro-heraldica.de\/en\/wp-json\/wp\/v2\/product_tag?post=56710"}],"curies":[{"name":"wp","href":"https:\/\/api.w.org\/{rel}","templated":true}]}}