{"id":56693,"date":"2019-03-20T10:15:02","date_gmt":"2019-03-20T09:15:02","guid":{"rendered":"https:\/\/pro-heraldica.de\/produkt\/key-fob\/"},"modified":"2022-08-04T11:40:24","modified_gmt":"2022-08-04T09:40:24","slug":"key-fob","status":"publish","type":"product","link":"https:\/\/pro-heraldica.de\/en\/produkt\/key-fob\/","title":{"rendered":"Key fob"},"content":{"rendered":"<p>&#8222;A truly unique and personal accessory made of 925 sterling silver.<\/p>\n<p>You can incorporate your family crest into your everyday life with this beautiful key fob.<\/p>\n<p>You need a relief model with a size of 15 mm for this product. This costs a one-time fee of 690 euros and can then be used for all 15 mm reliefs (such as rings, writing implements, business cards, etc.). Please choose in the options whether you already own one or would like to have a new one made.&#8220;<\/p>\n","protected":false},"excerpt":{"rendered":"<p>Key fob in 925 sterling silver with crest relief and monogram engraving<\/p>\n","protected":false},"featured_media":50048,"template":"","meta":[],"product_brand":[],"product_cat":[179,212,214],"product_tag":[],"class_list":{"0":"post-56693","1":"product","2":"type-product","3":"status-publish","4":"has-post-thumbnail","6":"product_cat-jewelry-accessories","7":"product_cat-a-little-something","8":"product_cat-presents","10":"first","11":"instock","12":"taxable","13":"shipping-taxable","14":"purchasable","15":"product-type-simple"},"exclude_global_add_ons":false,"addons":[{"name":" Do you need a relief template?","type":"multiple_choice","position":0,"required":true,"title_format":"label","default":"","description_enable":false,"description":"","placeholder_enable":false,"placeholder":"","display":"select","restrictions_type":"any_text","adjust_price":false,"price":"","price_type":"flat_fee","restrictions":false,"min":"0","max":"0","options":[{"label":"relief template available","price":"","price_type":"flat_fee","image":0,"visibility":true},{"label":"relief template is required","price":"690","price_type":"flat_fee","image":0,"visibility":true}]},{"name":"Custom engraving","type":"custom_text","position":1,"required":true,"title_format":"label","default":"","description_enable":true,"description":"Please enter the desired monogram here. Only two letters are possible.","placeholder_enable":false,"placeholder":"","display":"select","restrictions_type":"any_text","adjust_price":false,"price":"","price_type":"flat_fee","restrictions":true,"min":"1","max":"2","options":[]},{"name":"Your selection","type":"heading","position":0,"required":false,"title_format":"heading","default":"","description_enable":false,"description":"","placeholder_enable":false,"placeholder":"","display":"select","restrictions_type":"any_text","adjust_price":false,"price":"","price_type":"flat_fee","restrictions":false,"min":"0","max":"0","options":[]},{"name":"Farbe","type":"multiple_choice","position":0,"required":true,"title_format":"heading","default":"","description_enable":false,"description":"","placeholder_enable":false,"placeholder":"","display":"images","restrictions_type":"any_text","adjust_price":false,"price":"","price_type":"flat_fee","restrictions":false,"min":"0","max":"0","options":[{"label":"snow","price":"","price_type":"flat_fee","image":41307,"visibility":true},{"label":"black","price":"","price_type":"flat_fee","image":45562,"visibility":true},{"label":"ruby","price":"","price_type":"flat_fee","image":40591,"visibility":true},{"label":"gold","price":"","price_type":"flat_fee","image":41304,"visibility":true},{"label":"turquoise","price":"","price_type":"flat_fee","image":41303,"visibility":true},{"label":"berry","price":"","price_type":"flat_fee","image":40604,"visibility":true},{"label":"cornflower","price":"","price_type":"flat_fee","image":41301,"visibility":true},{"label":"lagoon","price":"","price_type":"flat_fee","image":41300,"visibility":true},{"label":"aquamarin","price":"","price_type":"flat_fee","image":41299,"visibility":true},{"label":"deepsea","price":"","price_type":"flat_fee","image":41298,"visibility":true},{"label":"peridot","price":"","price_type":"flat_fee","image":41297,"visibility":true},{"label":"silver","price":"","price_type":"flat_fee","image":41296,"visibility":true},{"label":"stone","price":"","price_type":"flat_fee","image":41295,"visibility":true},{"label":"darkgrey","price":"","price_type":"flat_fee","image":41294,"visibility":true},{"label":"cashmere","price":"","price_type":"flat_fee","image":41293,"visibility":true},{"label":"red clay","price":"","price_type":"flat_fee","image":45561,"visibility":true},{"label":"java brown","price":"","price_type":"flat_fee","image":45560,"visibility":true}]},{"name":"Stickkarte","type":"multiple_choice","position":0,"required":true,"title_format":"heading","default":"","description_enable":true,"description":"Ben\u00f6tigen Sie eine Stickkarte?","placeholder_enable":false,"placeholder":"","display":"select","restrictions_type":"any_text","adjust_price":false,"price":"","price_type":"flat_fee","restrictions":false,"min":"0","max":"0","options":[{"label":"Stickkarte vorhanden","price":"","price_type":"flat_fee","image":0,"visibility":true},{"label":"Stickkarte wird ben\u00f6tigt","price":"320.00","price_type":"flat_fee","image":0,"visibility":true}],"id":1707394789},{"name":"Gravur des Namens auf dem Klipp","type":"custom_text","position":0,"required":true,"title_format":"heading","default":"","description_enable":false,"description":"","placeholder_enable":false,"placeholder":"","display":"select","restrictions_type":"any_text","adjust_price":false,"price":"","price_type":"flat_fee","restrictions":false,"min":"0","max":"0","options":[]},{"name":"Schriftart","type":"multiple_choice","position":1,"required":true,"title_format":"heading","default":"","description_enable":false,"description":"","placeholder_enable":false,"placeholder":"","display":"select","restrictions_type":"any_text","adjust_price":false,"price":"","price_type":"flat_fee","restrictions":false,"min":"0","max":"0","options":[{"label":"Englische Schreibschrift","price":"","price_type":"flat_fee","image":40808,"visibility":true},{"label":"Helvetica Light","price":"","price_type":"flat_fee","image":40809,"visibility":true}]},{"name":"Wappenrelief","type":"multiple_choice","position":2,"required":false,"title_format":"heading","default":"","description_enable":true,"description":"Wir k\u00f6nnen Ihr Schreibger\u00e4t zus\u00e4tzlich mit einem Wappenrelief versehen. Wenn Sie dies m\u00f6chten, w\u00e4hlen Sie bitte aus, ob Sie bereits ein Reliefmodell besitzen. ","placeholder_enable":false,"placeholder":"","display":"select","restrictions_type":"any_text","adjust_price":false,"price":"","price_type":"flat_fee","restrictions":false,"min":"0","max":"0","options":[{"label":"zzgl. Wappenrelief, Reliefmodell vorhanden","price":"90","price_type":"flat_fee","image":0,"visibility":true},{"label":"zzgl. Wappenrelief, Reliefmodell wird ben\u00f6tigt","price":"780","price_type":"flat_fee","image":0,"visibility":true}]}],"yoast_head":"<!-- This site is optimized with the Yoast SEO plugin v27.4 - https:\/\/yoast.com\/product\/yoast-seo-wordpress\/ -->\n<title>Key fob - Pro Heraldica<\/title>\n<meta name=\"robots\" content=\"noindex, follow\" \/>\n<meta property=\"og:locale\" content=\"en_US\" \/>\n<meta property=\"og:type\" content=\"article\" \/>\n<meta property=\"og:title\" content=\"Key fob - Pro Heraldica\" \/>\n<meta property=\"og:description\" content=\"Key fob in 925 sterling silver with crest relief and monogram engraving\" \/>\n<meta property=\"og:url\" content=\"https:\/\/pro-heraldica.de\/en\/produkt\/key-fob\/\" \/>\n<meta property=\"og:site_name\" content=\"Pro Heraldica\" \/>\n<meta property=\"article:publisher\" content=\"https:\/\/www.facebook.com\/ProHeraldica\/\" \/>\n<meta property=\"article:modified_time\" content=\"2022-08-04T09:40:24+00:00\" \/>\n<meta property=\"og:image\" content=\"https:\/\/pro-heraldica.de\/wp-content\/uploads\/2019\/03\/schluesselanhaenger-1.jpg\" \/>\n\t<meta property=\"og:image:width\" content=\"960\" \/>\n\t<meta property=\"og:image:height\" content=\"960\" \/>\n\t<meta property=\"og:image:type\" content=\"image\/jpeg\" \/>\n<meta name=\"twitter:card\" content=\"summary_large_image\" \/>\n<meta name=\"twitter:site\" content=\"@proheraldica\" \/>\n<script type=\"application\/ld+json\" class=\"yoast-schema-graph\">{\"@context\":\"https:\\\/\\\/schema.org\",\"@graph\":[{\"@type\":\"WebPage\",\"@id\":\"https:\\\/\\\/pro-heraldica.de\\\/en\\\/produkt\\\/key-fob\\\/\",\"url\":\"https:\\\/\\\/pro-heraldica.de\\\/en\\\/produkt\\\/key-fob\\\/\",\"name\":\"Key fob - Pro Heraldica\",\"isPartOf\":{\"@id\":\"https:\\\/\\\/pro-heraldica.de\\\/en\\\/#website\"},\"primaryImageOfPage\":{\"@id\":\"https:\\\/\\\/pro-heraldica.de\\\/en\\\/produkt\\\/key-fob\\\/#primaryimage\"},\"image\":{\"@id\":\"https:\\\/\\\/pro-heraldica.de\\\/en\\\/produkt\\\/key-fob\\\/#primaryimage\"},\"thumbnailUrl\":\"https:\\\/\\\/pro-heraldica.de\\\/wp-content\\\/uploads\\\/2019\\\/03\\\/schluesselanhaenger-1.jpg\",\"datePublished\":\"2019-03-20T09:15:02+00:00\",\"dateModified\":\"2022-08-04T09:40:24+00:00\",\"breadcrumb\":{\"@id\":\"https:\\\/\\\/pro-heraldica.de\\\/en\\\/produkt\\\/key-fob\\\/#breadcrumb\"},\"inLanguage\":\"de\",\"potentialAction\":[{\"@type\":\"ReadAction\",\"target\":[\"https:\\\/\\\/pro-heraldica.de\\\/en\\\/produkt\\\/key-fob\\\/\"]}]},{\"@type\":\"ImageObject\",\"inLanguage\":\"de\",\"@id\":\"https:\\\/\\\/pro-heraldica.de\\\/en\\\/produkt\\\/key-fob\\\/#primaryimage\",\"url\":\"https:\\\/\\\/pro-heraldica.de\\\/wp-content\\\/uploads\\\/2019\\\/03\\\/schluesselanhaenger-1.jpg\",\"contentUrl\":\"https:\\\/\\\/pro-heraldica.de\\\/wp-content\\\/uploads\\\/2019\\\/03\\\/schluesselanhaenger-1.jpg\",\"width\":960,\"height\":960,\"caption\":\"key-fob\"},{\"@type\":\"BreadcrumbList\",\"@id\":\"https:\\\/\\\/pro-heraldica.de\\\/en\\\/produkt\\\/key-fob\\\/#breadcrumb\",\"itemListElement\":[{\"@type\":\"ListItem\",\"position\":1,\"name\":\"Start\",\"item\":\"https:\\\/\\\/pro-heraldica.de\\\/en\\\/\"},{\"@type\":\"ListItem\",\"position\":2,\"name\":\"Shop\",\"item\":\"https:\\\/\\\/pro-heraldica.de\\\/en\\\/products\\\/\"},{\"@type\":\"ListItem\",\"position\":3,\"name\":\"Key fob\"}]},{\"@type\":\"WebSite\",\"@id\":\"https:\\\/\\\/pro-heraldica.de\\\/en\\\/#website\",\"url\":\"https:\\\/\\\/pro-heraldica.de\\\/en\\\/\",\"name\":\"Pro Heraldica\",\"description\":\"Professionelle Genealogie und Heraldik\",\"publisher\":{\"@id\":\"https:\\\/\\\/pro-heraldica.de\\\/en\\\/#organization\"},\"potentialAction\":[{\"@type\":\"SearchAction\",\"target\":{\"@type\":\"EntryPoint\",\"urlTemplate\":\"https:\\\/\\\/pro-heraldica.de\\\/en\\\/?s={search_term_string}\"},\"query-input\":{\"@type\":\"PropertyValueSpecification\",\"valueRequired\":true,\"valueName\":\"search_term_string\"}}],\"inLanguage\":\"de\"},{\"@type\":\"Organization\",\"@id\":\"https:\\\/\\\/pro-heraldica.de\\\/en\\\/#organization\",\"name\":\"Pro Heraldica Deutsche Forschungsgesellschaft f\u00fcr Heraldik und Genealogie mbH\",\"url\":\"https:\\\/\\\/pro-heraldica.de\\\/en\\\/\",\"logo\":{\"@type\":\"ImageObject\",\"inLanguage\":\"de\",\"@id\":\"https:\\\/\\\/pro-heraldica.de\\\/en\\\/#\\\/schema\\\/logo\\\/image\\\/\",\"url\":\"https:\\\/\\\/pro-heraldica.de\\\/wp-content\\\/uploads\\\/2014\\\/04\\\/pro-heraldica-logo-3d.png\",\"contentUrl\":\"https:\\\/\\\/pro-heraldica.de\\\/wp-content\\\/uploads\\\/2014\\\/04\\\/pro-heraldica-logo-3d.png\",\"width\":667,\"height\":200,\"caption\":\"Pro Heraldica Deutsche Forschungsgesellschaft f\u00fcr Heraldik und Genealogie mbH\"},\"image\":{\"@id\":\"https:\\\/\\\/pro-heraldica.de\\\/en\\\/#\\\/schema\\\/logo\\\/image\\\/\"},\"sameAs\":[\"https:\\\/\\\/www.facebook.com\\\/ProHeraldica\\\/\",\"https:\\\/\\\/x.com\\\/proheraldica\",\"https:\\\/\\\/www.instagram.com\\\/proheraldica\\\/\",\"https:\\\/\\\/de.pinterest.com\\\/proheraldica\\\/\",\"https:\\\/\\\/www.youtube.com\\\/channel\\\/UCXu7ouVjnHSC1CmLGTRvmuw\"]}]}<\/script>\n<!-- \/ Yoast SEO plugin. -->","yoast_head_json":{"title":"Key fob - Pro Heraldica","robots":{"index":"noindex","follow":"follow"},"og_locale":"en_US","og_type":"article","og_title":"Key fob - Pro Heraldica","og_description":"Key fob in 925 sterling silver with crest relief and monogram engraving","og_url":"https:\/\/pro-heraldica.de\/en\/produkt\/key-fob\/","og_site_name":"Pro Heraldica","article_publisher":"https:\/\/www.facebook.com\/ProHeraldica\/","article_modified_time":"2022-08-04T09:40:24+00:00","og_image":[{"width":960,"height":960,"url":"https:\/\/pro-heraldica.de\/wp-content\/uploads\/2019\/03\/schluesselanhaenger-1.jpg","type":"image\/jpeg"}],"twitter_card":"summary_large_image","twitter_site":"@proheraldica","schema":{"@context":"https:\/\/schema.org","@graph":[{"@type":"WebPage","@id":"https:\/\/pro-heraldica.de\/en\/produkt\/key-fob\/","url":"https:\/\/pro-heraldica.de\/en\/produkt\/key-fob\/","name":"Key fob - Pro Heraldica","isPartOf":{"@id":"https:\/\/pro-heraldica.de\/en\/#website"},"primaryImageOfPage":{"@id":"https:\/\/pro-heraldica.de\/en\/produkt\/key-fob\/#primaryimage"},"image":{"@id":"https:\/\/pro-heraldica.de\/en\/produkt\/key-fob\/#primaryimage"},"thumbnailUrl":"https:\/\/pro-heraldica.de\/wp-content\/uploads\/2019\/03\/schluesselanhaenger-1.jpg","datePublished":"2019-03-20T09:15:02+00:00","dateModified":"2022-08-04T09:40:24+00:00","breadcrumb":{"@id":"https:\/\/pro-heraldica.de\/en\/produkt\/key-fob\/#breadcrumb"},"inLanguage":"de","potentialAction":[{"@type":"ReadAction","target":["https:\/\/pro-heraldica.de\/en\/produkt\/key-fob\/"]}]},{"@type":"ImageObject","inLanguage":"de","@id":"https:\/\/pro-heraldica.de\/en\/produkt\/key-fob\/#primaryimage","url":"https:\/\/pro-heraldica.de\/wp-content\/uploads\/2019\/03\/schluesselanhaenger-1.jpg","contentUrl":"https:\/\/pro-heraldica.de\/wp-content\/uploads\/2019\/03\/schluesselanhaenger-1.jpg","width":960,"height":960,"caption":"key-fob"},{"@type":"BreadcrumbList","@id":"https:\/\/pro-heraldica.de\/en\/produkt\/key-fob\/#breadcrumb","itemListElement":[{"@type":"ListItem","position":1,"name":"Start","item":"https:\/\/pro-heraldica.de\/en\/"},{"@type":"ListItem","position":2,"name":"Shop","item":"https:\/\/pro-heraldica.de\/en\/products\/"},{"@type":"ListItem","position":3,"name":"Key fob"}]},{"@type":"WebSite","@id":"https:\/\/pro-heraldica.de\/en\/#website","url":"https:\/\/pro-heraldica.de\/en\/","name":"Pro Heraldica","description":"Professionelle Genealogie und Heraldik","publisher":{"@id":"https:\/\/pro-heraldica.de\/en\/#organization"},"potentialAction":[{"@type":"SearchAction","target":{"@type":"EntryPoint","urlTemplate":"https:\/\/pro-heraldica.de\/en\/?s={search_term_string}"},"query-input":{"@type":"PropertyValueSpecification","valueRequired":true,"valueName":"search_term_string"}}],"inLanguage":"de"},{"@type":"Organization","@id":"https:\/\/pro-heraldica.de\/en\/#organization","name":"Pro Heraldica Deutsche Forschungsgesellschaft f\u00fcr Heraldik und Genealogie mbH","url":"https:\/\/pro-heraldica.de\/en\/","logo":{"@type":"ImageObject","inLanguage":"de","@id":"https:\/\/pro-heraldica.de\/en\/#\/schema\/logo\/image\/","url":"https:\/\/pro-heraldica.de\/wp-content\/uploads\/2014\/04\/pro-heraldica-logo-3d.png","contentUrl":"https:\/\/pro-heraldica.de\/wp-content\/uploads\/2014\/04\/pro-heraldica-logo-3d.png","width":667,"height":200,"caption":"Pro Heraldica Deutsche Forschungsgesellschaft f\u00fcr Heraldik und Genealogie mbH"},"image":{"@id":"https:\/\/pro-heraldica.de\/en\/#\/schema\/logo\/image\/"},"sameAs":["https:\/\/www.facebook.com\/ProHeraldica\/","https:\/\/x.com\/proheraldica","https:\/\/www.instagram.com\/proheraldica\/","https:\/\/de.pinterest.com\/proheraldica\/","https:\/\/www.youtube.com\/channel\/UCXu7ouVjnHSC1CmLGTRvmuw"]}]}},"_links":{"self":[{"href":"https:\/\/pro-heraldica.de\/en\/wp-json\/wp\/v2\/product\/56693","targetHints":{"allow":["GET"]}}],"collection":[{"href":"https:\/\/pro-heraldica.de\/en\/wp-json\/wp\/v2\/product"}],"about":[{"href":"https:\/\/pro-heraldica.de\/en\/wp-json\/wp\/v2\/types\/product"}],"wp:featuredmedia":[{"embeddable":true,"href":"https:\/\/pro-heraldica.de\/en\/wp-json\/wp\/v2\/media\/50048"}],"wp:attachment":[{"href":"https:\/\/pro-heraldica.de\/en\/wp-json\/wp\/v2\/media?parent=56693"}],"wp:term":[{"taxonomy":"product_brand","embeddable":true,"href":"https:\/\/pro-heraldica.de\/en\/wp-json\/wp\/v2\/product_brand?post=56693"},{"taxonomy":"product_cat","embeddable":true,"href":"https:\/\/pro-heraldica.de\/en\/wp-json\/wp\/v2\/product_cat?post=56693"},{"taxonomy":"product_tag","embeddable":true,"href":"https:\/\/pro-heraldica.de\/en\/wp-json\/wp\/v2\/product_tag?post=56693"}],"curies":[{"name":"wp","href":"https:\/\/api.w.org\/{rel}","templated":true}]}}