{"id":56295,"date":"2019-03-28T11:03:24","date_gmt":"2019-03-28T10:03:24","guid":{"rendered":"https:\/\/pro-heraldica.de\/produkt\/linen-napkins-with-crest-embroidery-6-pieces\/"},"modified":"2025-07-17T13:35:38","modified_gmt":"2025-07-17T11:35:38","slug":"linen-napkins-with-crest-embroidery-6-pieces","status":"publish","type":"product","link":"https:\/\/pro-heraldica.de\/en\/produkt\/linen-napkins-with-crest-embroidery-6-pieces\/","title":{"rendered":"Linen napkins with crest embroidery, 6 pieces"},"content":{"rendered":"<p>Finest Italian and Belgian linen in \u201cMasters of Linen\u201d quality, traditionally hand-drawn hollow hems: The PRO HERALDICA table linen collection!<\/p>\n<p>The \u201cMasters of Linen\u201d brand brings together the best European manufacturers of flax and linen. \u201cMasters of Linen\u201d guarantees the highest quality from the plant to manufacturing. Special emphasis is of course also placed on ecological production methods.<\/p>\n<p>You give this table linen a representative look with the embroidery of your family crest. Enjoy your family tradition \u2013 with family and friends at a festive table.<\/p>\n<p>The crest embroidery has a size of 7.5 cm.<\/p>\n<p>You need an embroidery card for this product. This costs a one-time fee of 290 euros and can then be used for all embroidery in a size of 7.5 cm (e.g. for towels, bed linen, tablecloths &#8230;). Please select in the options whether you already own one or would like to have a new one made.<\/p>\n","protected":false},"excerpt":{"rendered":"<p>Linen napkins embroidered with your family crest (7.5 cm)<\/p>\n","protected":false},"featured_media":50524,"template":"","meta":[],"product_brand":[],"product_cat":[192,193,213,214],"product_tag":[],"class_list":{"0":"post-56295","1":"product","2":"type-product","3":"status-publish","4":"has-post-thumbnail","6":"product_cat-table-culture","7":"product_cat-textiles-en","8":"product_cat-the-special","9":"product_cat-presents","11":"first","12":"instock","13":"taxable","14":"shipping-taxable","15":"purchasable","16":"product-type-variable"},"exclude_global_add_ons":false,"addons":[{"name":"Family Crest Embroidery","type":"multiple_choice","position":0,"required":true,"title_format":"label","default":"","description_enable":true,"description":"Please choose whether you want the embroidery tone-on-tone or full color","placeholder_enable":false,"placeholder":null,"display":"images","restrictions_type":"any_text","adjust_price":false,"price":"","price_type":"flat_fee","restrictions":false,"min":"0","max":"0","options":[{"label":"Full colour","price":"","price_type":"flat_fee","image":40557,"visibility":true},{"label":"Tone-on-tone","price":"","price_type":"flat_fee","image":40558,"visibility":true}],"id":1707395504},{"name":"Embroidery Placement","type":"multiple_choice","position":1,"required":true,"title_format":"label","default":"","description_enable":false,"description":"","placeholder_enable":false,"placeholder":null,"display":"images","restrictions_type":"any_text","adjust_price":false,"price":"","price_type":"flat_fee","restrictions":false,"min":"0","max":"0","options":[{"label":" 1 embroidery in the middle","price":"","price_type":"flat_fee","image":40585,"visibility":true},{"label":" 1 embroidery in one corner","price":"","price_type":"flat_fee","image":40586,"visibility":true}],"id":1707395505},{"name":"Embroidery card","type":"multiple_choice","position":2,"required":true,"title_format":"label","default":"","description_enable":true,"description":"Do you need an embroidery card? ","placeholder_enable":false,"placeholder":null,"display":"select","restrictions_type":"any_text","adjust_price":false,"price":"","price_type":"flat_fee","restrictions":false,"min":"0","max":"0","options":[{"label":"Embroidery card available","price":"","price_type":"flat_fee","image":0,"visibility":true},{"label":"Embroidery card is required (costs are only incurred once with the first order)","price":"320.00","price_type":"flat_fee","image":0,"visibility":true}],"id":1707395506},{"name":"Your selection","type":"heading","position":0,"required":false,"title_format":"heading","default":"","description_enable":false,"description":"","placeholder_enable":false,"placeholder":"","display":"select","restrictions_type":"any_text","adjust_price":false,"price":"","price_type":"flat_fee","restrictions":false,"min":"0","max":"0","options":[]},{"name":"Farbe","type":"multiple_choice","position":0,"required":true,"title_format":"heading","default":"","description_enable":false,"description":"","placeholder_enable":false,"placeholder":"","display":"images","restrictions_type":"any_text","adjust_price":false,"price":"","price_type":"flat_fee","restrictions":false,"min":"0","max":"0","options":[{"label":"snow","price":"","price_type":"flat_fee","image":41307,"visibility":true},{"label":"black","price":"","price_type":"flat_fee","image":45562,"visibility":true},{"label":"ruby","price":"","price_type":"flat_fee","image":40591,"visibility":true},{"label":"gold","price":"","price_type":"flat_fee","image":41304,"visibility":true},{"label":"turquoise","price":"","price_type":"flat_fee","image":41303,"visibility":true},{"label":"berry","price":"","price_type":"flat_fee","image":40604,"visibility":true},{"label":"cornflower","price":"","price_type":"flat_fee","image":41301,"visibility":true},{"label":"lagoon","price":"","price_type":"flat_fee","image":41300,"visibility":true},{"label":"aquamarin","price":"","price_type":"flat_fee","image":41299,"visibility":true},{"label":"deepsea","price":"","price_type":"flat_fee","image":41298,"visibility":true},{"label":"peridot","price":"","price_type":"flat_fee","image":41297,"visibility":true},{"label":"silver","price":"","price_type":"flat_fee","image":41296,"visibility":true},{"label":"stone","price":"","price_type":"flat_fee","image":41295,"visibility":true},{"label":"darkgrey","price":"","price_type":"flat_fee","image":41294,"visibility":true},{"label":"cashmere","price":"","price_type":"flat_fee","image":41293,"visibility":true},{"label":"red clay","price":"","price_type":"flat_fee","image":45561,"visibility":true},{"label":"java brown","price":"","price_type":"flat_fee","image":45560,"visibility":true}]},{"name":"Stickkarte","type":"multiple_choice","position":0,"required":true,"title_format":"heading","default":"","description_enable":true,"description":"Ben\u00f6tigen Sie eine Stickkarte?","placeholder_enable":false,"placeholder":"","display":"select","restrictions_type":"any_text","adjust_price":false,"price":"","price_type":"flat_fee","restrictions":false,"min":"0","max":"0","options":[{"label":"Stickkarte vorhanden","price":"","price_type":"flat_fee","image":0,"visibility":true},{"label":"Stickkarte wird ben\u00f6tigt","price":"320.00","price_type":"flat_fee","image":0,"visibility":true}],"id":1707394789},{"name":"Gravur des Namens auf dem Klipp","type":"custom_text","position":0,"required":true,"title_format":"heading","default":"","description_enable":false,"description":"","placeholder_enable":false,"placeholder":"","display":"select","restrictions_type":"any_text","adjust_price":false,"price":"","price_type":"flat_fee","restrictions":false,"min":"0","max":"0","options":[]},{"name":"Schriftart","type":"multiple_choice","position":1,"required":true,"title_format":"heading","default":"","description_enable":false,"description":"","placeholder_enable":false,"placeholder":"","display":"select","restrictions_type":"any_text","adjust_price":false,"price":"","price_type":"flat_fee","restrictions":false,"min":"0","max":"0","options":[{"label":"Englische Schreibschrift","price":"","price_type":"flat_fee","image":40808,"visibility":true},{"label":"Helvetica Light","price":"","price_type":"flat_fee","image":40809,"visibility":true}]},{"name":"Wappenrelief","type":"multiple_choice","position":2,"required":false,"title_format":"heading","default":"","description_enable":true,"description":"Wir k\u00f6nnen Ihr Schreibger\u00e4t zus\u00e4tzlich mit einem Wappenrelief versehen. Wenn Sie dies m\u00f6chten, w\u00e4hlen Sie bitte aus, ob Sie bereits ein Reliefmodell besitzen. ","placeholder_enable":false,"placeholder":"","display":"select","restrictions_type":"any_text","adjust_price":false,"price":"","price_type":"flat_fee","restrictions":false,"min":"0","max":"0","options":[{"label":"zzgl. Wappenrelief, Reliefmodell vorhanden","price":"90","price_type":"flat_fee","image":0,"visibility":true},{"label":"zzgl. Wappenrelief, Reliefmodell wird ben\u00f6tigt","price":"780","price_type":"flat_fee","image":0,"visibility":true}]}],"yoast_head":"<!-- This site is optimized with the Yoast SEO plugin v27.4 - https:\/\/yoast.com\/product\/yoast-seo-wordpress\/ -->\n<title>Linen napkins with crest embroidery, 6 pieces - Pro Heraldica<\/title>\n<meta name=\"robots\" content=\"noindex, follow\" \/>\n<meta property=\"og:locale\" content=\"en_US\" \/>\n<meta property=\"og:type\" content=\"article\" \/>\n<meta property=\"og:title\" content=\"Linen napkins with crest embroidery, 6 pieces - Pro Heraldica\" \/>\n<meta property=\"og:description\" content=\"Linen napkins embroidered with your family crest (7.5 cm)\" \/>\n<meta property=\"og:url\" content=\"https:\/\/pro-heraldica.de\/en\/produkt\/linen-napkins-with-crest-embroidery-6-pieces\/\" \/>\n<meta property=\"og:site_name\" content=\"Pro Heraldica\" \/>\n<meta property=\"article:publisher\" content=\"https:\/\/www.facebook.com\/ProHeraldica\/\" \/>\n<meta property=\"article:modified_time\" content=\"2025-07-17T11:35:38+00:00\" \/>\n<meta property=\"og:image\" content=\"https:\/\/pro-heraldica.de\/wp-content\/uploads\/2019\/03\/Serviette-mit-familienwappen.jpg\" \/>\n\t<meta property=\"og:image:width\" content=\"1640\" \/>\n\t<meta property=\"og:image:height\" content=\"1640\" \/>\n\t<meta property=\"og:image:type\" content=\"image\/jpeg\" \/>\n<meta name=\"twitter:card\" content=\"summary_large_image\" \/>\n<meta name=\"twitter:site\" content=\"@proheraldica\" \/>\n<meta name=\"twitter:label1\" content=\"Gesch\u00e4tzte Lesezeit\" \/>\n\t<meta name=\"twitter:data1\" content=\"1\u00a0Minute\" \/>\n<script type=\"application\/ld+json\" class=\"yoast-schema-graph\">{\"@context\":\"https:\\\/\\\/schema.org\",\"@graph\":[{\"@type\":\"WebPage\",\"@id\":\"https:\\\/\\\/pro-heraldica.de\\\/en\\\/produkt\\\/linen-napkins-with-crest-embroidery-6-pieces\\\/\",\"url\":\"https:\\\/\\\/pro-heraldica.de\\\/en\\\/produkt\\\/linen-napkins-with-crest-embroidery-6-pieces\\\/\",\"name\":\"Linen napkins with crest embroidery, 6 pieces - Pro Heraldica\",\"isPartOf\":{\"@id\":\"https:\\\/\\\/pro-heraldica.de\\\/en\\\/#website\"},\"primaryImageOfPage\":{\"@id\":\"https:\\\/\\\/pro-heraldica.de\\\/en\\\/produkt\\\/linen-napkins-with-crest-embroidery-6-pieces\\\/#primaryimage\"},\"image\":{\"@id\":\"https:\\\/\\\/pro-heraldica.de\\\/en\\\/produkt\\\/linen-napkins-with-crest-embroidery-6-pieces\\\/#primaryimage\"},\"thumbnailUrl\":\"https:\\\/\\\/pro-heraldica.de\\\/wp-content\\\/uploads\\\/2019\\\/03\\\/Serviette-mit-familienwappen.jpg\",\"datePublished\":\"2019-03-28T10:03:24+00:00\",\"dateModified\":\"2025-07-17T11:35:38+00:00\",\"breadcrumb\":{\"@id\":\"https:\\\/\\\/pro-heraldica.de\\\/en\\\/produkt\\\/linen-napkins-with-crest-embroidery-6-pieces\\\/#breadcrumb\"},\"inLanguage\":\"de\",\"potentialAction\":[{\"@type\":\"ReadAction\",\"target\":[\"https:\\\/\\\/pro-heraldica.de\\\/en\\\/produkt\\\/linen-napkins-with-crest-embroidery-6-pieces\\\/\"]}]},{\"@type\":\"ImageObject\",\"inLanguage\":\"de\",\"@id\":\"https:\\\/\\\/pro-heraldica.de\\\/en\\\/produkt\\\/linen-napkins-with-crest-embroidery-6-pieces\\\/#primaryimage\",\"url\":\"https:\\\/\\\/pro-heraldica.de\\\/wp-content\\\/uploads\\\/2019\\\/03\\\/Serviette-mit-familienwappen.jpg\",\"contentUrl\":\"https:\\\/\\\/pro-heraldica.de\\\/wp-content\\\/uploads\\\/2019\\\/03\\\/Serviette-mit-familienwappen.jpg\",\"width\":1640,\"height\":1640},{\"@type\":\"BreadcrumbList\",\"@id\":\"https:\\\/\\\/pro-heraldica.de\\\/en\\\/produkt\\\/linen-napkins-with-crest-embroidery-6-pieces\\\/#breadcrumb\",\"itemListElement\":[{\"@type\":\"ListItem\",\"position\":1,\"name\":\"Start\",\"item\":\"https:\\\/\\\/pro-heraldica.de\\\/en\\\/\"},{\"@type\":\"ListItem\",\"position\":2,\"name\":\"Shop\",\"item\":\"https:\\\/\\\/pro-heraldica.de\\\/en\\\/products\\\/\"},{\"@type\":\"ListItem\",\"position\":3,\"name\":\"Linen napkins with crest embroidery, 6 pieces\"}]},{\"@type\":\"WebSite\",\"@id\":\"https:\\\/\\\/pro-heraldica.de\\\/en\\\/#website\",\"url\":\"https:\\\/\\\/pro-heraldica.de\\\/en\\\/\",\"name\":\"Pro Heraldica\",\"description\":\"Professionelle Genealogie und Heraldik\",\"publisher\":{\"@id\":\"https:\\\/\\\/pro-heraldica.de\\\/en\\\/#organization\"},\"potentialAction\":[{\"@type\":\"SearchAction\",\"target\":{\"@type\":\"EntryPoint\",\"urlTemplate\":\"https:\\\/\\\/pro-heraldica.de\\\/en\\\/?s={search_term_string}\"},\"query-input\":{\"@type\":\"PropertyValueSpecification\",\"valueRequired\":true,\"valueName\":\"search_term_string\"}}],\"inLanguage\":\"de\"},{\"@type\":\"Organization\",\"@id\":\"https:\\\/\\\/pro-heraldica.de\\\/en\\\/#organization\",\"name\":\"Pro Heraldica Deutsche Forschungsgesellschaft f\u00fcr Heraldik und Genealogie mbH\",\"url\":\"https:\\\/\\\/pro-heraldica.de\\\/en\\\/\",\"logo\":{\"@type\":\"ImageObject\",\"inLanguage\":\"de\",\"@id\":\"https:\\\/\\\/pro-heraldica.de\\\/en\\\/#\\\/schema\\\/logo\\\/image\\\/\",\"url\":\"https:\\\/\\\/pro-heraldica.de\\\/wp-content\\\/uploads\\\/2014\\\/04\\\/pro-heraldica-logo-3d.png\",\"contentUrl\":\"https:\\\/\\\/pro-heraldica.de\\\/wp-content\\\/uploads\\\/2014\\\/04\\\/pro-heraldica-logo-3d.png\",\"width\":667,\"height\":200,\"caption\":\"Pro Heraldica Deutsche Forschungsgesellschaft f\u00fcr Heraldik und Genealogie mbH\"},\"image\":{\"@id\":\"https:\\\/\\\/pro-heraldica.de\\\/en\\\/#\\\/schema\\\/logo\\\/image\\\/\"},\"sameAs\":[\"https:\\\/\\\/www.facebook.com\\\/ProHeraldica\\\/\",\"https:\\\/\\\/x.com\\\/proheraldica\",\"https:\\\/\\\/www.instagram.com\\\/proheraldica\\\/\",\"https:\\\/\\\/de.pinterest.com\\\/proheraldica\\\/\",\"https:\\\/\\\/www.youtube.com\\\/channel\\\/UCXu7ouVjnHSC1CmLGTRvmuw\"]}]}<\/script>\n<!-- \/ Yoast SEO plugin. -->","yoast_head_json":{"title":"Linen napkins with crest embroidery, 6 pieces - Pro Heraldica","robots":{"index":"noindex","follow":"follow"},"og_locale":"en_US","og_type":"article","og_title":"Linen napkins with crest embroidery, 6 pieces - Pro Heraldica","og_description":"Linen napkins embroidered with your family crest (7.5 cm)","og_url":"https:\/\/pro-heraldica.de\/en\/produkt\/linen-napkins-with-crest-embroidery-6-pieces\/","og_site_name":"Pro Heraldica","article_publisher":"https:\/\/www.facebook.com\/ProHeraldica\/","article_modified_time":"2025-07-17T11:35:38+00:00","og_image":[{"width":1640,"height":1640,"url":"https:\/\/pro-heraldica.de\/wp-content\/uploads\/2019\/03\/Serviette-mit-familienwappen.jpg","type":"image\/jpeg"}],"twitter_card":"summary_large_image","twitter_site":"@proheraldica","twitter_misc":{"Gesch\u00e4tzte Lesezeit":"1\u00a0Minute"},"schema":{"@context":"https:\/\/schema.org","@graph":[{"@type":"WebPage","@id":"https:\/\/pro-heraldica.de\/en\/produkt\/linen-napkins-with-crest-embroidery-6-pieces\/","url":"https:\/\/pro-heraldica.de\/en\/produkt\/linen-napkins-with-crest-embroidery-6-pieces\/","name":"Linen napkins with crest embroidery, 6 pieces - Pro Heraldica","isPartOf":{"@id":"https:\/\/pro-heraldica.de\/en\/#website"},"primaryImageOfPage":{"@id":"https:\/\/pro-heraldica.de\/en\/produkt\/linen-napkins-with-crest-embroidery-6-pieces\/#primaryimage"},"image":{"@id":"https:\/\/pro-heraldica.de\/en\/produkt\/linen-napkins-with-crest-embroidery-6-pieces\/#primaryimage"},"thumbnailUrl":"https:\/\/pro-heraldica.de\/wp-content\/uploads\/2019\/03\/Serviette-mit-familienwappen.jpg","datePublished":"2019-03-28T10:03:24+00:00","dateModified":"2025-07-17T11:35:38+00:00","breadcrumb":{"@id":"https:\/\/pro-heraldica.de\/en\/produkt\/linen-napkins-with-crest-embroidery-6-pieces\/#breadcrumb"},"inLanguage":"de","potentialAction":[{"@type":"ReadAction","target":["https:\/\/pro-heraldica.de\/en\/produkt\/linen-napkins-with-crest-embroidery-6-pieces\/"]}]},{"@type":"ImageObject","inLanguage":"de","@id":"https:\/\/pro-heraldica.de\/en\/produkt\/linen-napkins-with-crest-embroidery-6-pieces\/#primaryimage","url":"https:\/\/pro-heraldica.de\/wp-content\/uploads\/2019\/03\/Serviette-mit-familienwappen.jpg","contentUrl":"https:\/\/pro-heraldica.de\/wp-content\/uploads\/2019\/03\/Serviette-mit-familienwappen.jpg","width":1640,"height":1640},{"@type":"BreadcrumbList","@id":"https:\/\/pro-heraldica.de\/en\/produkt\/linen-napkins-with-crest-embroidery-6-pieces\/#breadcrumb","itemListElement":[{"@type":"ListItem","position":1,"name":"Start","item":"https:\/\/pro-heraldica.de\/en\/"},{"@type":"ListItem","position":2,"name":"Shop","item":"https:\/\/pro-heraldica.de\/en\/products\/"},{"@type":"ListItem","position":3,"name":"Linen napkins with crest embroidery, 6 pieces"}]},{"@type":"WebSite","@id":"https:\/\/pro-heraldica.de\/en\/#website","url":"https:\/\/pro-heraldica.de\/en\/","name":"Pro Heraldica","description":"Professionelle Genealogie und Heraldik","publisher":{"@id":"https:\/\/pro-heraldica.de\/en\/#organization"},"potentialAction":[{"@type":"SearchAction","target":{"@type":"EntryPoint","urlTemplate":"https:\/\/pro-heraldica.de\/en\/?s={search_term_string}"},"query-input":{"@type":"PropertyValueSpecification","valueRequired":true,"valueName":"search_term_string"}}],"inLanguage":"de"},{"@type":"Organization","@id":"https:\/\/pro-heraldica.de\/en\/#organization","name":"Pro Heraldica Deutsche Forschungsgesellschaft f\u00fcr Heraldik und Genealogie mbH","url":"https:\/\/pro-heraldica.de\/en\/","logo":{"@type":"ImageObject","inLanguage":"de","@id":"https:\/\/pro-heraldica.de\/en\/#\/schema\/logo\/image\/","url":"https:\/\/pro-heraldica.de\/wp-content\/uploads\/2014\/04\/pro-heraldica-logo-3d.png","contentUrl":"https:\/\/pro-heraldica.de\/wp-content\/uploads\/2014\/04\/pro-heraldica-logo-3d.png","width":667,"height":200,"caption":"Pro Heraldica Deutsche Forschungsgesellschaft f\u00fcr Heraldik und Genealogie mbH"},"image":{"@id":"https:\/\/pro-heraldica.de\/en\/#\/schema\/logo\/image\/"},"sameAs":["https:\/\/www.facebook.com\/ProHeraldica\/","https:\/\/x.com\/proheraldica","https:\/\/www.instagram.com\/proheraldica\/","https:\/\/de.pinterest.com\/proheraldica\/","https:\/\/www.youtube.com\/channel\/UCXu7ouVjnHSC1CmLGTRvmuw"]}]}},"_links":{"self":[{"href":"https:\/\/pro-heraldica.de\/en\/wp-json\/wp\/v2\/product\/56295","targetHints":{"allow":["GET"]}}],"collection":[{"href":"https:\/\/pro-heraldica.de\/en\/wp-json\/wp\/v2\/product"}],"about":[{"href":"https:\/\/pro-heraldica.de\/en\/wp-json\/wp\/v2\/types\/product"}],"wp:featuredmedia":[{"embeddable":true,"href":"https:\/\/pro-heraldica.de\/en\/wp-json\/wp\/v2\/media\/50524"}],"wp:attachment":[{"href":"https:\/\/pro-heraldica.de\/en\/wp-json\/wp\/v2\/media?parent=56295"}],"wp:term":[{"taxonomy":"product_brand","embeddable":true,"href":"https:\/\/pro-heraldica.de\/en\/wp-json\/wp\/v2\/product_brand?post=56295"},{"taxonomy":"product_cat","embeddable":true,"href":"https:\/\/pro-heraldica.de\/en\/wp-json\/wp\/v2\/product_cat?post=56295"},{"taxonomy":"product_tag","embeddable":true,"href":"https:\/\/pro-heraldica.de\/en\/wp-json\/wp\/v2\/product_tag?post=56295"}],"curies":[{"name":"wp","href":"https:\/\/api.w.org\/{rel}","templated":true}]}}