{"id":56282,"date":"2019-08-15T09:28:57","date_gmt":"2019-08-15T07:28:57","guid":{"rendered":"https:\/\/pro-heraldica.de\/produkt\/ajour-bed-linen-with-embroidered-crest\/"},"modified":"2022-06-28T16:49:24","modified_gmt":"2022-06-28T14:49:24","slug":"ajour-bed-linen-with-embroidered-crest","status":"publish","type":"product","link":"https:\/\/pro-heraldica.de\/en\/produkt\/ajour-bed-linen-with-embroidered-crest\/","title":{"rendered":"Ajour bed linen with embroidered crest"},"content":{"rendered":"<p>The subtle hemstitch decoration gives this wonderful fabric a very special elegance. The satin is light and silk-like. The soft fall and precious lasting shine give it a trademark look and feel. Standard button and buttonhole closure on the pillow. It is a concealed fastener with beautiful twisted buttons.<\/p>\n<p>All colours are also available as twist jersey fitted sheets.<\/p>\n<p>The embroidered crest is 7.5 cm in size and is located in the middle of the pillow and blanket.<\/p>\n<p>You need an embroidery card for this product. This costs a one-time fee of 290 euros and can then be used for all embroidery with a size of 7.5 cm (e.g. for polo shirts, towels, serviettes and tablecloths). Please select in the options whether you already own one or would like to have a new one made.<\/p>\n","protected":false},"excerpt":{"rendered":"<p>Custom-made bed linen embroidered with your family crest<\/p>\n","protected":false},"featured_media":50357,"template":"","meta":[],"product_brand":[],"product_cat":[193,194,213,214],"product_tag":[],"class_list":{"0":"post-56282","1":"product","2":"type-product","3":"status-publish","4":"has-post-thumbnail","6":"product_cat-textiles-en","7":"product_cat-ambience","8":"product_cat-the-special","9":"product_cat-presents","11":"first","12":"instock","13":"taxable","14":"shipping-taxable","15":"purchasable","16":"product-type-variable"},"exclude_global_add_ons":false,"addons":[{"name":"Colours","type":"multiple_choice","position":0,"required":true,"title_format":"label","default":"","description_enable":false,"description":"","placeholder_enable":false,"placeholder":"","display":"images","restrictions_type":"any_text","adjust_price":false,"price":"","price_type":"flat_fee","restrictions":false,"min":"0","max":"0","options":[{"label":"rose","price":"","price_type":"flat_fee","image":38973,"visibility":true},{"label":"poppy","price":"","price_type":"flat_fee","image":38978,"visibility":true},{"label":"powder","price":"","price_type":"flat_fee","image":38991,"visibility":true},{"label":"shell","price":"","price_type":"flat_fee","image":38993,"visibility":true},{"label":"mallow","price":"","price_type":"flat_fee","image":38974,"visibility":true},{"label":"ruby","price":"","price_type":"flat_fee","image":38975,"visibility":true},{"label":"apricot","price":"","price_type":"flat_fee","image":38992,"visibility":true},{"label":"champagne","price":"","price_type":"flat_fee","image":38965,"visibility":true},{"label":"beaujolais","price":"","price_type":"flat_fee","image":38977,"visibility":true},{"label":"cherry","price":"","price_type":"flat_fee","image":38976,"visibility":true},{"label":"bronze","price":"","price_type":"flat_fee","image":38988,"visibility":true},{"label":"corn","price":"","price_type":"flat_fee","image":39988,"visibility":true},{"label":"berry","price":"","price_type":"flat_fee","image":39011,"visibility":true},{"label":"amaranth","price":"","price_type":"flat_fee","image":39014,"visibility":true},{"label":"terracotta","price":"","price_type":"flat_fee","image":38994,"visibility":true},{"label":"amber","price":"","price_type":"flat_fee","image":39002,"visibility":true},{"label":"pebble","price":"","price_type":"flat_fee","image":38972,"visibility":true},{"label":"ivory","price":"","price_type":"flat_fee","image":38995,"visibility":true},{"label":"creme","price":"","price_type":"flat_fee","image":39989,"visibility":true},{"label":"lemon","price":"","price_type":"flat_fee","image":39990,"visibility":true},{"label":"moonstone","price":"","price_type":"flat_fee","image":39003,"visibility":true},{"label":"cachmere","price":"","price_type":"flat_fee","image":39005,"visibility":true},{"label":"gold","price":"","price_type":"flat_fee","image":39991,"visibility":true},{"label":"sun","price":"","price_type":"flat_fee","image":38970,"visibility":true},{"label":"platin","price":"","price_type":"flat_fee","image":39001,"visibility":true},{"label":"chinchilla","price":"","price_type":"flat_fee","image":39000,"visibility":true},{"label":"caramel","price":"","price_type":"flat_fee","image":39008,"visibility":true},{"label":"brass","price":"","price_type":"flat_fee","image":38968,"visibility":true},{"label":"ebony","price":"","price_type":"flat_fee","image":38997,"visibility":true},{"label":"brazil","price":"","price_type":"flat_fee","image":39004,"visibility":true},{"label":"nougat","price":"","price_type":"flat_fee","image":39007,"visibility":true},{"label":"quartz","price":"","price_type":"flat_fee","image":39006,"visibility":true},{"label":"bleu","price":"","price_type":"flat_fee","image":38982,"visibility":true},{"label":"white","price":"","price_type":"flat_fee","image":39015,"visibility":true},{"label":"silver","price":"","price_type":"flat_fee","image":39992,"visibility":true},{"label":"melon","price":"","price_type":"flat_fee","image":38969,"visibility":true},{"label":"sky blue","price":"","price_type":"flat_fee","image":38981,"visibility":true},{"label":"aqua","price":"","price_type":"flat_fee","image":38980,"visibility":true},{"label":"lind","price":"","price_type":"flat_fee","image":38989,"visibility":true},{"label":"pistachio","price":"","price_type":"flat_fee","image":38990,"visibility":true},{"label":"friesenblau","price":"","price_type":"flat_fee","image":38979,"visibility":true},{"label":"Hortensie","price":"","price_type":"flat_fee","image":38985,"visibility":true},{"label":"reed","price":"","price_type":"flat_fee","image":38986,"visibility":true},{"label":"opas","price":"","price_type":"flat_fee","image":38998,"visibility":true},{"label":"lapis","price":"","price_type":"flat_fee","image":39009,"visibility":true},{"label":"fjord","price":"","price_type":"flat_fee","image":38984,"visibility":true},{"label":"alpingreen","price":"","price_type":"flat_fee","image":38987,"visibility":true},{"label":"seagreen","price":"","price_type":"flat_fee","image":38983,"visibility":true},{"label":"siam","price":"","price_type":"flat_fee","image":39012,"visibility":true},{"label":"peridot","price":"","price_type":"flat_fee","image":39013,"visibility":true},{"label":"shinx","price":"","price_type":"flat_fee","image":38999,"visibility":true},{"label":"almond","price":"","price_type":"flat_fee","image":38971,"visibility":true}]},{"name":"Family Crest Embroidery","type":"multiple_choice","position":1,"required":true,"title_format":"label","default":"","description_enable":true,"description":"Please choose whether you want the embroidery tone-on-tone or full color","placeholder_enable":false,"placeholder":"","display":"images","restrictions_type":"any_text","adjust_price":false,"price":"","price_type":"flat_fee","restrictions":false,"min":"0","max":"0","options":[{"label":"Tone-on-tone","price":"","price_type":"flat_fee","image":39260,"visibility":true},{"label":"Full colour","price":"","price_type":"flat_fee","image":30897,"visibility":true}]},{"name":"Embroidery card","type":"multiple_choice","position":2,"required":true,"title_format":"label","default":"","description_enable":true,"description":"Do you need an embroidery card?","placeholder_enable":false,"placeholder":"","display":"select","restrictions_type":"any_text","adjust_price":false,"price":"","price_type":"flat_fee","restrictions":false,"min":"0","max":"0","options":[{"label":"Embroidery card available","price":"","price_type":"flat_fee","image":0,"visibility":true},{"label":"Embroidery card is required (costs are only incurred once with the first order)","price":"290.00","price_type":"flat_fee","image":0,"visibility":true}]},{"name":"Additional Pillow 40 x 40 cm","type":"input_multiplier","position":3,"required":false,"title_format":"label","default":"","description_enable":false,"description":"","placeholder_enable":false,"placeholder":"","display":"select","restrictions_type":"any_text","adjust_price":true,"price":"120","price_type":"quantity_based","restrictions":false,"min":"0","max":"0","options":[]},{"name":"Additional Pillow 40 x 80 cm","type":"input_multiplier","position":4,"required":false,"title_format":"label","default":"","description_enable":false,"description":"","placeholder_enable":false,"placeholder":"","display":"select","restrictions_type":"any_text","adjust_price":true,"price":"145","price_type":"quantity_based","restrictions":false,"min":"0","max":"0","options":[]},{"name":"Your selection","type":"heading","position":0,"required":false,"title_format":"heading","default":"","description_enable":false,"description":"","placeholder_enable":false,"placeholder":"","display":"select","restrictions_type":"any_text","adjust_price":false,"price":"","price_type":"flat_fee","restrictions":false,"min":"0","max":"0","options":[]},{"name":"Farbe","type":"multiple_choice","position":0,"required":true,"title_format":"heading","default":"","description_enable":false,"description":"","placeholder_enable":false,"placeholder":"","display":"images","restrictions_type":"any_text","adjust_price":false,"price":"","price_type":"flat_fee","restrictions":false,"min":"0","max":"0","options":[{"label":"snow","price":"","price_type":"flat_fee","image":41307,"visibility":true},{"label":"black","price":"","price_type":"flat_fee","image":45562,"visibility":true},{"label":"ruby","price":"","price_type":"flat_fee","image":40591,"visibility":true},{"label":"gold","price":"","price_type":"flat_fee","image":41304,"visibility":true},{"label":"turquoise","price":"","price_type":"flat_fee","image":41303,"visibility":true},{"label":"berry","price":"","price_type":"flat_fee","image":40604,"visibility":true},{"label":"cornflower","price":"","price_type":"flat_fee","image":41301,"visibility":true},{"label":"lagoon","price":"","price_type":"flat_fee","image":41300,"visibility":true},{"label":"aquamarin","price":"","price_type":"flat_fee","image":41299,"visibility":true},{"label":"deepsea","price":"","price_type":"flat_fee","image":41298,"visibility":true},{"label":"peridot","price":"","price_type":"flat_fee","image":41297,"visibility":true},{"label":"silver","price":"","price_type":"flat_fee","image":41296,"visibility":true},{"label":"stone","price":"","price_type":"flat_fee","image":41295,"visibility":true},{"label":"darkgrey","price":"","price_type":"flat_fee","image":41294,"visibility":true},{"label":"cashmere","price":"","price_type":"flat_fee","image":41293,"visibility":true},{"label":"red clay","price":"","price_type":"flat_fee","image":45561,"visibility":true},{"label":"java brown","price":"","price_type":"flat_fee","image":45560,"visibility":true}]},{"name":"Stickkarte","type":"multiple_choice","position":0,"required":true,"title_format":"heading","default":"","description_enable":true,"description":"Ben\u00f6tigen Sie eine Stickkarte?","placeholder_enable":false,"placeholder":"","display":"select","restrictions_type":"any_text","adjust_price":false,"price":"","price_type":"flat_fee","restrictions":false,"min":"0","max":"0","options":[{"label":"Stickkarte vorhanden","price":"","price_type":"flat_fee","image":0,"visibility":true},{"label":"Stickkarte wird ben\u00f6tigt","price":"320.00","price_type":"flat_fee","image":0,"visibility":true}],"id":1707394789},{"name":"Gravur des Namens auf dem Klipp","type":"custom_text","position":0,"required":true,"title_format":"heading","default":"","description_enable":false,"description":"","placeholder_enable":false,"placeholder":"","display":"select","restrictions_type":"any_text","adjust_price":false,"price":"","price_type":"flat_fee","restrictions":false,"min":"0","max":"0","options":[]},{"name":"Schriftart","type":"multiple_choice","position":1,"required":true,"title_format":"heading","default":"","description_enable":false,"description":"","placeholder_enable":false,"placeholder":"","display":"select","restrictions_type":"any_text","adjust_price":false,"price":"","price_type":"flat_fee","restrictions":false,"min":"0","max":"0","options":[{"label":"Englische Schreibschrift","price":"","price_type":"flat_fee","image":40808,"visibility":true},{"label":"Helvetica Light","price":"","price_type":"flat_fee","image":40809,"visibility":true}]},{"name":"Wappenrelief","type":"multiple_choice","position":2,"required":false,"title_format":"heading","default":"","description_enable":true,"description":"Wir k\u00f6nnen Ihr Schreibger\u00e4t zus\u00e4tzlich mit einem Wappenrelief versehen. Wenn Sie dies m\u00f6chten, w\u00e4hlen Sie bitte aus, ob Sie bereits ein Reliefmodell besitzen. ","placeholder_enable":false,"placeholder":"","display":"select","restrictions_type":"any_text","adjust_price":false,"price":"","price_type":"flat_fee","restrictions":false,"min":"0","max":"0","options":[{"label":"zzgl. Wappenrelief, Reliefmodell vorhanden","price":"90","price_type":"flat_fee","image":0,"visibility":true},{"label":"zzgl. Wappenrelief, Reliefmodell wird ben\u00f6tigt","price":"780","price_type":"flat_fee","image":0,"visibility":true}]}],"yoast_head":"<!-- This site is optimized with the Yoast SEO plugin v27.4 - https:\/\/yoast.com\/product\/yoast-seo-wordpress\/ -->\n<title>Ajour bed linen with embroidered crest - Pro Heraldica<\/title>\n<meta name=\"robots\" content=\"noindex, follow\" \/>\n<meta property=\"og:locale\" content=\"en_US\" \/>\n<meta property=\"og:type\" content=\"article\" \/>\n<meta property=\"og:title\" content=\"Ajour bed linen with embroidered crest - Pro Heraldica\" \/>\n<meta property=\"og:description\" content=\"Custom-made bed linen embroidered with your family crest\" \/>\n<meta property=\"og:url\" content=\"https:\/\/pro-heraldica.de\/en\/produkt\/ajour-bed-linen-with-embroidered-crest\/\" \/>\n<meta property=\"og:site_name\" content=\"Pro Heraldica\" \/>\n<meta property=\"article:publisher\" content=\"https:\/\/www.facebook.com\/ProHeraldica\/\" \/>\n<meta property=\"article:modified_time\" content=\"2022-06-28T14:49:24+00:00\" \/>\n<meta property=\"og:image\" content=\"https:\/\/pro-heraldica.de\/wp-content\/uploads\/2019\/08\/Bettwaesche-Ajour.jpg\" \/>\n\t<meta property=\"og:image:width\" content=\"1000\" \/>\n\t<meta property=\"og:image:height\" content=\"1000\" \/>\n\t<meta property=\"og:image:type\" content=\"image\/jpeg\" \/>\n<meta name=\"twitter:card\" content=\"summary_large_image\" \/>\n<meta name=\"twitter:site\" content=\"@proheraldica\" \/>\n<meta name=\"twitter:label1\" content=\"Gesch\u00e4tzte Lesezeit\" \/>\n\t<meta name=\"twitter:data1\" content=\"1\u00a0Minute\" \/>\n<script type=\"application\/ld+json\" class=\"yoast-schema-graph\">{\"@context\":\"https:\\\/\\\/schema.org\",\"@graph\":[{\"@type\":\"WebPage\",\"@id\":\"https:\\\/\\\/pro-heraldica.de\\\/en\\\/produkt\\\/ajour-bed-linen-with-embroidered-crest\\\/\",\"url\":\"https:\\\/\\\/pro-heraldica.de\\\/en\\\/produkt\\\/ajour-bed-linen-with-embroidered-crest\\\/\",\"name\":\"Ajour bed linen with embroidered crest - Pro Heraldica\",\"isPartOf\":{\"@id\":\"https:\\\/\\\/pro-heraldica.de\\\/en\\\/#website\"},\"primaryImageOfPage\":{\"@id\":\"https:\\\/\\\/pro-heraldica.de\\\/en\\\/produkt\\\/ajour-bed-linen-with-embroidered-crest\\\/#primaryimage\"},\"image\":{\"@id\":\"https:\\\/\\\/pro-heraldica.de\\\/en\\\/produkt\\\/ajour-bed-linen-with-embroidered-crest\\\/#primaryimage\"},\"thumbnailUrl\":\"https:\\\/\\\/pro-heraldica.de\\\/wp-content\\\/uploads\\\/2019\\\/08\\\/Bettwaesche-Ajour.jpg\",\"datePublished\":\"2019-08-15T07:28:57+00:00\",\"dateModified\":\"2022-06-28T14:49:24+00:00\",\"breadcrumb\":{\"@id\":\"https:\\\/\\\/pro-heraldica.de\\\/en\\\/produkt\\\/ajour-bed-linen-with-embroidered-crest\\\/#breadcrumb\"},\"inLanguage\":\"de\",\"potentialAction\":[{\"@type\":\"ReadAction\",\"target\":[\"https:\\\/\\\/pro-heraldica.de\\\/en\\\/produkt\\\/ajour-bed-linen-with-embroidered-crest\\\/\"]}]},{\"@type\":\"ImageObject\",\"inLanguage\":\"de\",\"@id\":\"https:\\\/\\\/pro-heraldica.de\\\/en\\\/produkt\\\/ajour-bed-linen-with-embroidered-crest\\\/#primaryimage\",\"url\":\"https:\\\/\\\/pro-heraldica.de\\\/wp-content\\\/uploads\\\/2019\\\/08\\\/Bettwaesche-Ajour.jpg\",\"contentUrl\":\"https:\\\/\\\/pro-heraldica.de\\\/wp-content\\\/uploads\\\/2019\\\/08\\\/Bettwaesche-Ajour.jpg\",\"width\":1000,\"height\":1000},{\"@type\":\"BreadcrumbList\",\"@id\":\"https:\\\/\\\/pro-heraldica.de\\\/en\\\/produkt\\\/ajour-bed-linen-with-embroidered-crest\\\/#breadcrumb\",\"itemListElement\":[{\"@type\":\"ListItem\",\"position\":1,\"name\":\"Start\",\"item\":\"https:\\\/\\\/pro-heraldica.de\\\/en\\\/\"},{\"@type\":\"ListItem\",\"position\":2,\"name\":\"Shop\",\"item\":\"https:\\\/\\\/pro-heraldica.de\\\/en\\\/products\\\/\"},{\"@type\":\"ListItem\",\"position\":3,\"name\":\"Ajour bed linen with embroidered crest\"}]},{\"@type\":\"WebSite\",\"@id\":\"https:\\\/\\\/pro-heraldica.de\\\/en\\\/#website\",\"url\":\"https:\\\/\\\/pro-heraldica.de\\\/en\\\/\",\"name\":\"Pro Heraldica\",\"description\":\"Professionelle Genealogie und Heraldik\",\"publisher\":{\"@id\":\"https:\\\/\\\/pro-heraldica.de\\\/en\\\/#organization\"},\"potentialAction\":[{\"@type\":\"SearchAction\",\"target\":{\"@type\":\"EntryPoint\",\"urlTemplate\":\"https:\\\/\\\/pro-heraldica.de\\\/en\\\/?s={search_term_string}\"},\"query-input\":{\"@type\":\"PropertyValueSpecification\",\"valueRequired\":true,\"valueName\":\"search_term_string\"}}],\"inLanguage\":\"de\"},{\"@type\":\"Organization\",\"@id\":\"https:\\\/\\\/pro-heraldica.de\\\/en\\\/#organization\",\"name\":\"Pro Heraldica Deutsche Forschungsgesellschaft f\u00fcr Heraldik und Genealogie mbH\",\"url\":\"https:\\\/\\\/pro-heraldica.de\\\/en\\\/\",\"logo\":{\"@type\":\"ImageObject\",\"inLanguage\":\"de\",\"@id\":\"https:\\\/\\\/pro-heraldica.de\\\/en\\\/#\\\/schema\\\/logo\\\/image\\\/\",\"url\":\"https:\\\/\\\/pro-heraldica.de\\\/wp-content\\\/uploads\\\/2014\\\/04\\\/pro-heraldica-logo-3d.png\",\"contentUrl\":\"https:\\\/\\\/pro-heraldica.de\\\/wp-content\\\/uploads\\\/2014\\\/04\\\/pro-heraldica-logo-3d.png\",\"width\":667,\"height\":200,\"caption\":\"Pro Heraldica Deutsche Forschungsgesellschaft f\u00fcr Heraldik und Genealogie mbH\"},\"image\":{\"@id\":\"https:\\\/\\\/pro-heraldica.de\\\/en\\\/#\\\/schema\\\/logo\\\/image\\\/\"},\"sameAs\":[\"https:\\\/\\\/www.facebook.com\\\/ProHeraldica\\\/\",\"https:\\\/\\\/x.com\\\/proheraldica\",\"https:\\\/\\\/www.instagram.com\\\/proheraldica\\\/\",\"https:\\\/\\\/de.pinterest.com\\\/proheraldica\\\/\",\"https:\\\/\\\/www.youtube.com\\\/channel\\\/UCXu7ouVjnHSC1CmLGTRvmuw\"]}]}<\/script>\n<!-- \/ Yoast SEO plugin. -->","yoast_head_json":{"title":"Ajour bed linen with embroidered crest - Pro Heraldica","robots":{"index":"noindex","follow":"follow"},"og_locale":"en_US","og_type":"article","og_title":"Ajour bed linen with embroidered crest - Pro Heraldica","og_description":"Custom-made bed linen embroidered with your family crest","og_url":"https:\/\/pro-heraldica.de\/en\/produkt\/ajour-bed-linen-with-embroidered-crest\/","og_site_name":"Pro Heraldica","article_publisher":"https:\/\/www.facebook.com\/ProHeraldica\/","article_modified_time":"2022-06-28T14:49:24+00:00","og_image":[{"width":1000,"height":1000,"url":"https:\/\/pro-heraldica.de\/wp-content\/uploads\/2019\/08\/Bettwaesche-Ajour.jpg","type":"image\/jpeg"}],"twitter_card":"summary_large_image","twitter_site":"@proheraldica","twitter_misc":{"Gesch\u00e4tzte Lesezeit":"1\u00a0Minute"},"schema":{"@context":"https:\/\/schema.org","@graph":[{"@type":"WebPage","@id":"https:\/\/pro-heraldica.de\/en\/produkt\/ajour-bed-linen-with-embroidered-crest\/","url":"https:\/\/pro-heraldica.de\/en\/produkt\/ajour-bed-linen-with-embroidered-crest\/","name":"Ajour bed linen with embroidered crest - Pro Heraldica","isPartOf":{"@id":"https:\/\/pro-heraldica.de\/en\/#website"},"primaryImageOfPage":{"@id":"https:\/\/pro-heraldica.de\/en\/produkt\/ajour-bed-linen-with-embroidered-crest\/#primaryimage"},"image":{"@id":"https:\/\/pro-heraldica.de\/en\/produkt\/ajour-bed-linen-with-embroidered-crest\/#primaryimage"},"thumbnailUrl":"https:\/\/pro-heraldica.de\/wp-content\/uploads\/2019\/08\/Bettwaesche-Ajour.jpg","datePublished":"2019-08-15T07:28:57+00:00","dateModified":"2022-06-28T14:49:24+00:00","breadcrumb":{"@id":"https:\/\/pro-heraldica.de\/en\/produkt\/ajour-bed-linen-with-embroidered-crest\/#breadcrumb"},"inLanguage":"de","potentialAction":[{"@type":"ReadAction","target":["https:\/\/pro-heraldica.de\/en\/produkt\/ajour-bed-linen-with-embroidered-crest\/"]}]},{"@type":"ImageObject","inLanguage":"de","@id":"https:\/\/pro-heraldica.de\/en\/produkt\/ajour-bed-linen-with-embroidered-crest\/#primaryimage","url":"https:\/\/pro-heraldica.de\/wp-content\/uploads\/2019\/08\/Bettwaesche-Ajour.jpg","contentUrl":"https:\/\/pro-heraldica.de\/wp-content\/uploads\/2019\/08\/Bettwaesche-Ajour.jpg","width":1000,"height":1000},{"@type":"BreadcrumbList","@id":"https:\/\/pro-heraldica.de\/en\/produkt\/ajour-bed-linen-with-embroidered-crest\/#breadcrumb","itemListElement":[{"@type":"ListItem","position":1,"name":"Start","item":"https:\/\/pro-heraldica.de\/en\/"},{"@type":"ListItem","position":2,"name":"Shop","item":"https:\/\/pro-heraldica.de\/en\/products\/"},{"@type":"ListItem","position":3,"name":"Ajour bed linen with embroidered crest"}]},{"@type":"WebSite","@id":"https:\/\/pro-heraldica.de\/en\/#website","url":"https:\/\/pro-heraldica.de\/en\/","name":"Pro Heraldica","description":"Professionelle Genealogie und Heraldik","publisher":{"@id":"https:\/\/pro-heraldica.de\/en\/#organization"},"potentialAction":[{"@type":"SearchAction","target":{"@type":"EntryPoint","urlTemplate":"https:\/\/pro-heraldica.de\/en\/?s={search_term_string}"},"query-input":{"@type":"PropertyValueSpecification","valueRequired":true,"valueName":"search_term_string"}}],"inLanguage":"de"},{"@type":"Organization","@id":"https:\/\/pro-heraldica.de\/en\/#organization","name":"Pro Heraldica Deutsche Forschungsgesellschaft f\u00fcr Heraldik und Genealogie mbH","url":"https:\/\/pro-heraldica.de\/en\/","logo":{"@type":"ImageObject","inLanguage":"de","@id":"https:\/\/pro-heraldica.de\/en\/#\/schema\/logo\/image\/","url":"https:\/\/pro-heraldica.de\/wp-content\/uploads\/2014\/04\/pro-heraldica-logo-3d.png","contentUrl":"https:\/\/pro-heraldica.de\/wp-content\/uploads\/2014\/04\/pro-heraldica-logo-3d.png","width":667,"height":200,"caption":"Pro Heraldica Deutsche Forschungsgesellschaft f\u00fcr Heraldik und Genealogie mbH"},"image":{"@id":"https:\/\/pro-heraldica.de\/en\/#\/schema\/logo\/image\/"},"sameAs":["https:\/\/www.facebook.com\/ProHeraldica\/","https:\/\/x.com\/proheraldica","https:\/\/www.instagram.com\/proheraldica\/","https:\/\/de.pinterest.com\/proheraldica\/","https:\/\/www.youtube.com\/channel\/UCXu7ouVjnHSC1CmLGTRvmuw"]}]}},"_links":{"self":[{"href":"https:\/\/pro-heraldica.de\/en\/wp-json\/wp\/v2\/product\/56282","targetHints":{"allow":["GET"]}}],"collection":[{"href":"https:\/\/pro-heraldica.de\/en\/wp-json\/wp\/v2\/product"}],"about":[{"href":"https:\/\/pro-heraldica.de\/en\/wp-json\/wp\/v2\/types\/product"}],"wp:featuredmedia":[{"embeddable":true,"href":"https:\/\/pro-heraldica.de\/en\/wp-json\/wp\/v2\/media\/50357"}],"wp:attachment":[{"href":"https:\/\/pro-heraldica.de\/en\/wp-json\/wp\/v2\/media?parent=56282"}],"wp:term":[{"taxonomy":"product_brand","embeddable":true,"href":"https:\/\/pro-heraldica.de\/en\/wp-json\/wp\/v2\/product_brand?post=56282"},{"taxonomy":"product_cat","embeddable":true,"href":"https:\/\/pro-heraldica.de\/en\/wp-json\/wp\/v2\/product_cat?post=56282"},{"taxonomy":"product_tag","embeddable":true,"href":"https:\/\/pro-heraldica.de\/en\/wp-json\/wp\/v2\/product_tag?post=56282"}],"curies":[{"name":"wp","href":"https:\/\/api.w.org\/{rel}","templated":true}]}}